{"id":265,"date":"2023-12-28T17:59:47","date_gmt":"2023-12-28T16:59:47","guid":{"rendered":"https:\/\/enzoluggi.com\/?page_id=265"},"modified":"2026-02-05T18:59:50","modified_gmt":"2026-02-05T17:59:50","slug":"mentions-legales","status":"publish","type":"page","link":"https:\/\/enzoluggi.com\/index.php\/mentions-legales\/","title":{"rendered":"Mentions L\u00e9gales"},"content":{"rendered":"<p><b>SARL LORYAN<\/b><\/p>\n<p>SARL au capital de 7500 \u20ac<\/p>\n<p>Si\u00e8ge Social : 1 bis rue de Riom &#8211; 63360 St-Beauzire<\/p>\n<p>RCS Clermont Ferrand 452522345<\/p>\n<p>TVA Intracommunautaire FR55452522345<\/p>\n<p><b>Repr\u00e9sent\u00e9e par :<\/b><\/p>\n<p>Sabrina AGIER<\/p>\n<p><b>ce site est h\u00e9berg\u00e9 par :\u00a0<\/b><\/p>\n<p>OVH<\/p>\n<p>2 rue Kellermann &#8211; 59100 Roubaix<\/p>\n","protected":false},"excerpt":{"rendered":"<p>SARL LORYAN SARL au capital de 7500 \u20ac Si\u00e8ge Social : 1 bis rue de Riom &#8211; 63360 St-Beauzire RCS Clermont Ferrand 452522345 TVA Intracommunautaire FR55452522345 Repr\u00e9sent\u00e9e par : Sabrina AGIER ce site est h\u00e9berg\u00e9 par :\u00a0 OVH 2 rue Kellermann &#8211; 59100 Roubaix<\/p>\n","protected":false},"author":1,"featured_media":0,"parent":0,"menu_order":0,"comment_status":"closed","ping_status":"closed","template":"","meta":{"footnotes":""},"class_list":["post-265","page","type-page","status-publish","hentry"],"_links":{"self":[{"href":"https:\/\/enzoluggi.com\/index.php\/wp-json\/wp\/v2\/pages\/265","targetHints":{"allow":["GET"]}}],"collection":[{"href":"https:\/\/enzoluggi.com\/index.php\/wp-json\/wp\/v2\/pages"}],"about":[{"href":"https:\/\/enzoluggi.com\/index.php\/wp-json\/wp\/v2\/types\/page"}],"author":[{"embeddable":true,"href":"https:\/\/enzoluggi.com\/index.php\/wp-json\/wp\/v2\/users\/1"}],"replies":[{"embeddable":true,"href":"https:\/\/enzoluggi.com\/index.php\/wp-json\/wp\/v2\/comments?post=265"}],"version-history":[{"count":5,"href":"https:\/\/enzoluggi.com\/index.php\/wp-json\/wp\/v2\/pages\/265\/revisions"}],"predecessor-version":[{"id":1602,"href":"https:\/\/enzoluggi.com\/index.php\/wp-json\/wp\/v2\/pages\/265\/revisions\/1602"}],"wp:attachment":[{"href":"https:\/\/enzoluggi.com\/index.php\/wp-json\/wp\/v2\/media?parent=265"}],"curies":[{"name":"wp","href":"https:\/\/api.w.org\/{rel}","templated":true}]}}